{"id":33,"date":"2010-09-03T07:27:13","date_gmt":"2010-09-03T05:27:13","guid":{"rendered":"http:\/\/solaner.wordpress.com\/?page_id=2"},"modified":"2024-06-30T18:43:15","modified_gmt":"2024-06-30T16:43:15","slug":"about-2","status":"publish","type":"page","link":"https:\/\/www.krajnik.de\/blog\/about-2\/","title":{"rendered":"\u00dcber mich"},"content":{"rendered":"<p>Dies ist mein privater Blog. Ich bin ein passionierter Hobby-Fotograf aus der s\u00fcd\u00f6stlichen Ecke des Ruhrgebiets und seit \u00fcber 40 Jahren mit einer Kamera unterwegs.<\/p>\n<p>Prim\u00e4r fotografiere ich Menschen und auf Reisen. Landschaften und Tieren fazinieren mich nat\u00fcrlich nicht nur auf meinen Fotoreisen im In- und Ausland, sondern auch vor meiner Haust\u00fcr. Ebenso bin ich gerne auf Events und Konzerten fotografisch unterwegs, wo mich gerade die st\u00e4ndig wechselnden Lichtverh\u00e4ltnise faszinieren.<\/p>\n<p>So kann man mich zum Beispiel f\u00fcr Hochzeiten, Verlobungen oder auch einfach nur Portrait-Sitzungen ansprechen. Ebenso komme ich gerne zu Konzerten oder Theater-Auff\u00fchrungen. Nat\u00fcrlich sind von privaten Veranstaltungen keine Bilder hier im Blog zu finden, es sei denn, es ist vorher so abgesprochen.<\/p>\n<p>Dieser Blog soll es mir erm\u00f6glichen, Bilder nicht einfach nur zu zeigen, sondern auch ein paar Takte dazu zu schreiben.<\/p>\n<p>Die meisten Artikel \u00fcber meine Fotoreisen und k\u00fcrzeren Foto-Exkursionen erscheinen in meinem <a href=\"http:\/\/solaner.wordpress.com\">Reise- und Fotoblog<\/a>, w\u00e4hrend hier nur Posts mit rein lokalem Bezug erscheinen oder als Verweis auf den Reiseblog, wenn dort eine neue Serie startet. Beide Blogs erm\u00f6glichen es, updates zu abonieren. Dazu reicht es, seine eMail-Adresse rechts in dem Feld zu hinterlegen. eMail-Adressen werden von mir nicht weitergegeben und ausschlie\u00dflich f\u00fcr die automatisierte Benachrichtigung \u00fcber neue Posts durch die Blog-Software &#8222;WordPress&#8220; verwandt.<\/p>\n<p>Kommentare zu meinen Posts sind erw\u00fcnscht, werden aber erst nach Pr\u00fcfung freigeschalten.<\/p>\n<p>Update 03.12.2018: Ich wurde interviewt! Du kannst das Interview <a href=\"https:\/\/www.krajnik.de\/blog\/2018\/12\/03\/ich-wurde-interviewt\/\" rel=\"noopener\" target=\"_blank\">hier<\/a> nachlesen!<\/p>\n","protected":false},"excerpt":{"rendered":"<p>Dies ist mein privater Blog. Ich bin ein passionierter Hobby-Fotograf aus der s\u00fcd\u00f6stlichen Ecke des Ruhrgebiets und seit \u00fcber 40 Jahren mit einer Kamera unterwegs. Prim\u00e4r fotografiere ich Menschen und auf Reisen. Landschaften und Tieren fazinieren mich nat\u00fcrlich nicht nur auf meinen Fotoreisen im In- und Ausland, sondern auch vor meiner Haust\u00fcr. Ebenso bin ich [&hellip;]<\/p>\n","protected":false},"author":1,"featured_media":0,"parent":0,"menu_order":99,"comment_status":"closed","ping_status":"closed","template":"","meta":{"advanced_seo_description":"","jetpack_seo_html_title":"","jetpack_seo_noindex":false,"ngg_post_thumbnail":0,"jetpack_post_was_ever_published":false,"footnotes":""},"class_list":["post-33","page","type-page","status-publish","hentry"],"jetpack_sharing_enabled":false,"jetpack_shortlink":"https:\/\/wp.me\/P7tTbX-x","jetpack_likes_enabled":true,"jetpack-related-posts":[],"_links":{"self":[{"href":"https:\/\/www.krajnik.de\/blog\/wp-json\/wp\/v2\/pages\/33","targetHints":{"allow":["GET"]}}],"collection":[{"href":"https:\/\/www.krajnik.de\/blog\/wp-json\/wp\/v2\/pages"}],"about":[{"href":"https:\/\/www.krajnik.de\/blog\/wp-json\/wp\/v2\/types\/page"}],"author":[{"embeddable":true,"href":"https:\/\/www.krajnik.de\/blog\/wp-json\/wp\/v2\/users\/1"}],"replies":[{"embeddable":true,"href":"https:\/\/www.krajnik.de\/blog\/wp-json\/wp\/v2\/comments?post=33"}],"version-history":[{"count":18,"href":"https:\/\/www.krajnik.de\/blog\/wp-json\/wp\/v2\/pages\/33\/revisions"}],"predecessor-version":[{"id":80578,"href":"https:\/\/www.krajnik.de\/blog\/wp-json\/wp\/v2\/pages\/33\/revisions\/80578"}],"wp:attachment":[{"href":"https:\/\/www.krajnik.de\/blog\/wp-json\/wp\/v2\/media?parent=33"}],"curies":[{"name":"wp","href":"https:\/\/api.w.org\/{rel}","templated":true}]}}